{"id":42,"date":"2025-05-07T00:14:54","date_gmt":"2025-05-07T00:14:54","guid":{"rendered":"https:\/\/narinomistico.revistacitrico.com\/?page_id=42"},"modified":"2025-05-21T16:30:04","modified_gmt":"2025-05-21T16:30:04","slug":"narino-mistico","status":"publish","type":"page","link":"https:\/\/narinomistico.revistacitrico.com\/index.php\/narino-mistico\/","title":{"rendered":"Nari\u00f1o M\u00edstico"},"content":{"rendered":"<p>[et_pb_section fb_built=\u00bb1&#8243; _builder_version=\u00bb4.27.4&#8243; _module_preset=\u00bbdefault\u00bb use_background_color_gradient=\u00bbon\u00bb background_color_gradient_stops=\u00bb#4c6a96 1%|#f9f5a4 92%\u00bb background_image=\u00bbhttps:\/\/narinomistico.revistacitrico.com\/wp-content\/uploads\/2025\/05\/IMG_0313.jpeg\u00bb background_enable_video_mp4=\u00bboff\u00bb background_enable_video_webm=\u00bboff\u00bb background_video_pause_outside_viewport=\u00bboff\u00bb width=\u00bb100%\u00bb custom_margin=\u00bb3px|||||\u00bb custom_padding=\u00bb182px|0px||||\u00bb global_colors_info=\u00bb{}\u00bb min_height=\u00bb767.2px\u00bb][et_pb_row _builder_version=\u00bb4.27.4&#8243; _module_preset=\u00bbdefault\u00bb custom_margin=\u00bb|40px||auto||\u00bb global_colors_info=\u00bb{}\u00bb][et_pb_column type=\u00bb4_4&#8243; _builder_version=\u00bb4.27.4&#8243; _module_preset=\u00bbdefault\u00bb global_colors_info=\u00bb{}\u00bb][et_pb_heading title=\u00bbNari\u00f1o M\u00edstico      \u00bb _builder_version=\u00bb4.27.4&#8243; _module_preset=\u00bbdefault\u00bb title_font=\u00bbPlayfair Display|700|||||||\u00bb title_text_align=\u00bbcenter\u00bb title_text_color=\u00bb#7CDA24&#8243; title_font_size=\u00bb100px\u00bb animation_style=\u00bbfade\u00bb animation_duration=\u00bb1500ms\u00bb title_text_shadow_style=\u00bbpreset3&#8243; title_text_shadow_horizontal_length=\u00bb0.06em\u00bb title_text_shadow_vertical_length=\u00bb0.11em\u00bb title_text_shadow_blur_strength=\u00bb0.22em\u00bb title_text_shadow_color=\u00bb#000000&#8243; global_colors_info=\u00bb{}\u00bb][\/et_pb_heading][\/et_pb_column][\/et_pb_row][et_pb_row _builder_version=\u00bb4.27.4&#8243; _module_preset=\u00bbdefault\u00bb animation_style=\u00bbzoom\u00bb animation_delay=\u00bb300ms\u00bb box_shadow_style=\u00bbpreset6&#8243; box_shadow_horizontal=\u00bb41px\u00bb global_colors_info=\u00bb{}\u00bb][et_pb_column type=\u00bb4_4&#8243; _builder_version=\u00bb4.27.4&#8243; _module_preset=\u00bbdefault\u00bb global_colors_info=\u00bb{}\u00bb][et_pb_accordion toggle_icon=\u00bb&#x24;||divi||400&#8243; _builder_version=\u00bb4.27.4&#8243; _module_preset=\u00bbdefault\u00bb global_colors_info=\u00bb{}\u00bb][et_pb_accordion_item title=\u00bbZona Urbana\u00bb open=\u00bbon\u00bb _builder_version=\u00bb4.27.4&#8243; _module_preset=\u00bbdefault\u00bb global_colors_info=\u00bb{}\u00bb]<\/p>\n<p><em>En algunas calles de Pasto, el silencio no est\u00e1 solo. Hay presencias que se esconden entre sombras\u2026 y nombres que a\u00fan no deben pronunciarse.<\/em><br data-start=\"430\" data-end=\"433\" \/><\/p>\n<p>[\/et_pb_accordion_item][et_pb_accordion_item title=\u00bbZona Rural \u00bb _builder_version=\u00bb4.27.4&#8243; _module_preset=\u00bbdefault\u00bb global_colors_info=\u00bb{}\u00bb]<\/p>\n<p><em>Entre monta\u00f1as y cafetales, los abuelos a\u00fan advierten: no todo lo que brilla en el bosque es luz. Y no todo lo que llama\u2026 es humano.<\/em><\/p>\n<p>[\/et_pb_accordion_item][et_pb_accordion_item title=\u00bbZona Costera \u00bb _builder_version=\u00bb4.27.4&#8243; _module_preset=\u00bbdefault\u00bb global_colors_info=\u00bb{}\u00bb]<\/p>\n<p><em>En la costa, hay cantos que no son de este mundo. Secretos esconde el mar, voces se oyen desde la lejania&#8230; pero nunca lo desafies, si quieres volver.<\/em><\/p>\n<p>[\/et_pb_accordion_item][\/et_pb_accordion][et_pb_button button_url=\u00bbhttps:\/\/www.lifeder.com\/mitos-leyendas-narino\/\u00bb button_text=\u00bbDescubre m\u00e1s leyendas&#8230;\u00bb _builder_version=\u00bb4.27.4&#8243; _module_preset=\u00bbdefault\u00bb custom_button=\u00bbon\u00bb button_text_size=\u00bb21px\u00bb button_text_color=\u00bb#FFFFFF\u00bb button_bg_color=\u00bbrgba(0,0,0,0)\u00bb button_font=\u00bbAbril Fatface||on||||||\u00bb button_icon=\u00bb&#x24;||divi||400&#8243; background_layout=\u00bbdark\u00bb hover_enabled=\u00bb0&#8243; button_text_shadow_style=\u00bbpreset4&#8243; button_text_shadow_horizontal_length=\u00bb0.72em\u00bb button_text_shadow_color=\u00bb#000000&#8243; global_colors_info=\u00bb{}\u00bb sticky_enabled=\u00bb0&#8243;][\/et_pb_button][\/et_pb_column][\/et_pb_row][\/et_pb_section][et_pb_section fb_built=\u00bb1&#8243; module_id=\u00bb#Urbano\u00bb _builder_version=\u00bb4.27.4&#8243; _module_preset=\u00bbdefault\u00bb background_enable_color=\u00bboff\u00bb background_image=\u00bbhttps:\/\/narinomistico.revistacitrico.com\/wp-content\/uploads\/2025\/05\/IMG_0338.webp\u00bb min_height=\u00bb906.3px\u00bb custom_margin=\u00bb||-64px|||\u00bb custom_padding=\u00bb0px|5px||||\u00bb hover_enabled=\u00bb0&#8243; global_colors_info=\u00bb{}\u00bb sticky_enabled=\u00bb0&#8243; title_text=\u00bbIMG_0338&#8243;][et_pb_row _builder_version=\u00bb4.27.4&#8243; _module_preset=\u00bbdefault\u00bb global_colors_info=\u00bb{}\u00bb][et_pb_column type=\u00bb4_4&#8243; _builder_version=\u00bb4.27.4&#8243; _module_preset=\u00bbdefault\u00bb global_colors_info=\u00bb{}\u00bb][et_pb_heading title=\u00bbZona Urbana\u00bb module_id=\u00bb#Urbano\u00bb _builder_version=\u00bb4.27.4&#8243; _module_preset=\u00bbdefault\u00bb title_font=\u00bbPlayfair Display|700|||||||\u00bb title_text_align=\u00bbcenter\u00bb title_text_color=\u00bb#7CDA24&#8243; title_font_size=\u00bb76px\u00bb title_text_shadow_style=\u00bbpreset2&#8243; title_text_shadow_horizontal_length=\u00bb0.13em\u00bb title_text_shadow_color=\u00bb#000000&#8243; global_colors_info=\u00bb{}\u00bb][\/et_pb_heading][\/et_pb_column][\/et_pb_row][et_pb_row column_structure=\u00bb1_2,1_2&#8243; _builder_version=\u00bb4.27.4&#8243; _module_preset=\u00bbdefault\u00bb background_enable_color=\u00bboff\u00bb background_enable_image=\u00bboff\u00bb background_enable_video_mp4=\u00bboff\u00bb custom_padding=\u00bb|0px||||\u00bb global_colors_info=\u00bb{}\u00bb][et_pb_column type=\u00bb1_2&#8243; _builder_version=\u00bb4.27.4&#8243; _module_preset=\u00bbdefault\u00bb global_colors_info=\u00bb{}\u00bb][et_pb_text _builder_version=\u00bb4.27.4&#8243; _module_preset=\u00bbdefault\u00bb text_font=\u00bbAboreto||||||||\u00bb text_font_size=\u00bb12px\u00bb global_colors_info=\u00bb{}\u00bb]<\/p>\n<p><span style=\"color: #f7f7f7;\">Hay territorios donde la realidad se desborda y la memoria no solo se guarda en libros o fotograf\u00edas, sino que se esculpe en carrozas, se canta en procesiones y se invoca al borde del mar. En Nari\u00f1o, la frontera entre lo terrenal y lo milagroso es tan delgada como el hilo de espuma que el oc\u00e9ano deja sobre la arena.<\/span><\/p>\n<p>[\/et_pb_text][et_pb_text _builder_version=\u00bb4.27.4&#8243; _module_preset=\u00bbdefault\u00bb text_font=\u00bbAboreto||||||||\u00bb text_font_size=\u00bb12px\u00bb global_colors_info=\u00bb{}\u00bb custom_margin=\u00bb|2px||||\u00bb]<\/p>\n<p><span style=\"color: #f4f4f4;\">En las noches despejadas, cuando la luna se posa como un farol sobre los techos de teja en Pasto, hay quienes aseguran que la cima del volc\u00e1n Morasurco deja ver m\u00e1s que paisajes. En el barrio El Pilar, una anciana de manos temblorosas todav\u00eda limpia cada ma\u00f1ana un espejo de marco dorado que hered\u00f3 de su madre. Dice que no lo usa para mirarse, sino para recordar. \u00abAh\u00ed se aparece\u00bb, cuenta sin miedo. \u00abCuando el volc\u00e1n tiembla un poco y el viento baja caliente, ah\u00ed se asoma la mujer sin rostro\u00bb.<\/span><\/p>\n<p>[\/et_pb_text][et_pb_text _builder_version=\u00bb4.27.4&#8243; _module_preset=\u00bbdefault\u00bb text_font=\u00bbAboreto||||||||\u00bb text_font_size=\u00bb12px\u00bb global_colors_info=\u00bb{}\u00bb]<\/p>\n<p><span style=\"color: #f2f2f2;\">La leyenda del <strong data-start=\"885\" data-end=\"909\">Espejo del Morasurco<\/strong> habla de una joven que fue sacrificada en tiempos lejanos para calmar la furia del volc\u00e1n. Su esp\u00edritu, dicen, qued\u00f3 atrapado entre el fuego subterr\u00e1neo y los reflejos. Desde entonces, se aparece a los que viven entre el sue\u00f1o y la vigilia, especialmente a quienes han perdido a alguien de forma repentina.<\/span><\/p>\n<p>[\/et_pb_text][et_pb_text _builder_version=\u00bb4.27.4&#8243; _module_preset=\u00bbdefault\u00bb text_font=\u00bbAboreto||||||||\u00bb text_font_size=\u00bb12px\u00bb global_colors_info=\u00bb{}\u00bb]<\/p>\n<p><span style=\"color: #f7f7f7;\">Algunos pastusos aseguran haberla visto al subir al volc\u00e1n al amanecer: una silueta blanca, inm\u00f3vil, que no proyecta sombra. Otros, dicen que basta con tener un espejo frente a una ventana abierta en noches de neblina para que ella aparezca\u2026 no para asustar, sino para advertir.<\/span><\/p>\n<p>[\/et_pb_text][et_pb_text _builder_version=\u00bb4.27.4&#8243; _module_preset=\u00bbdefault\u00bb text_font=\u00bbAboreto||||||||\u00bb text_font_size=\u00bb12px\u00bb global_colors_info=\u00bb{}\u00bb]<\/p>\n<p><span style=\"color: #f4f4f4;\">\u00abCuando la veas, no hables. No preguntes. Solo escucha\u00bb, dicen los viejos del centro. \u00abPorque esa mujer no viene del m\u00e1s all\u00e1\u2026 viene del m\u00e1s adentro\u00bb.<\/span><\/p>\n<p>[\/et_pb_text][\/et_pb_column][et_pb_column type=\u00bb1_2&#8243; _builder_version=\u00bb4.27.4&#8243; _module_preset=\u00bbdefault\u00bb global_colors_info=\u00bb{}\u00bb][et_pb_text _builder_version=\u00bb4.27.4&#8243; _module_preset=\u00bbdefault\u00bb text_font=\u00bbAboreto||||||||\u00bb text_font_size=\u00bb12px\u00bb global_colors_info=\u00bb{}\u00bb]<\/p>\n<p data-start=\"2288\" data-end=\"2558\" class=\"\"><span style=\"color: #ededed;\">Varios vecinos han intentado ver la aparici\u00f3n. Algunos se sientan frente al espejo durante horas, como esperando que la neblina baje tambi\u00e9n por dentro. Otros aseguran haber sentido un susurro o una r\u00e1faga tibia en la nuca, como si algo o alguien pasara detr\u00e1s de ellos.<\/span><\/p>\n<p data-start=\"2560\" data-end=\"2622\" class=\"\"><span style=\"color: #ededed;\">Pero hay una advertencia que se repite en todas las versiones:<\/span><\/p>\n<p data-start=\"2624\" data-end=\"2705\" class=\"\"><span style=\"color: #ededed;\"><strong data-start=\"2624\" data-end=\"2705\">\u201cSi ella te habla, no interrumpas. No la toques. No preguntes. Solo escucha.\u201d<\/strong><\/span><\/p>\n<p>[\/et_pb_text][et_pb_video src=\u00bbhttps:\/\/narinomistico.revistacitrico.com\/wp-content\/uploads\/2025\/05\/Contexto.mp4&#8243; _builder_version=\u00bb4.27.4&#8243; _module_preset=\u00bbdefault\u00bb hover_enabled=\u00bb0&#8243; sticky_enabled=\u00bb0&#8243; title_text=\u00bbContexto\u00bb][\/et_pb_video][\/et_pb_column][\/et_pb_row][\/et_pb_section][et_pb_section fb_built=\u00bb1&#8243; _builder_version=\u00bb4.27.4&#8243; _module_preset=\u00bbdefault\u00bb use_background_color_gradient=\u00bbon\u00bb background_color_gradient_stops=\u00bb#4c6a96 1%|#99a36b 93%\u00bb background_image=\u00bbhttps:\/\/narinomistico.revistacitrico.com\/wp-content\/uploads\/2025\/05\/IMG_1861.jpeg\u00bb min_height=\u00bb830.3px\u00bb custom_margin=\u00bb-57px||-64px|||\u00bb hover_enabled=\u00bb0&#8243; global_colors_info=\u00bb{}\u00bb custom_padding=\u00bb15px|||||\u00bb sticky_enabled=\u00bb0&#8243; title_text=\u00bbIMG_1861&#8243;][et_pb_row _builder_version=\u00bb4.27.4&#8243; _module_preset=\u00bbdefault\u00bb global_colors_info=\u00bb{}\u00bb][et_pb_column type=\u00bb4_4&#8243; _builder_version=\u00bb4.27.4&#8243; _module_preset=\u00bbdefault\u00bb global_colors_info=\u00bb{}\u00bb][et_pb_heading title=\u00bbSector Rural\u00bb _builder_version=\u00bb4.27.4&#8243; _module_preset=\u00bbdefault\u00bb title_font=\u00bbPlayfair Display||||||||\u00bb title_text_align=\u00bbcenter\u00bb title_text_color=\u00bb#7CDA24&#8243; title_font_size=\u00bb62px\u00bb title_text_shadow_style=\u00bbpreset3&#8243; title_text_shadow_color=\u00bb#000000&#8243; global_colors_info=\u00bb{}\u00bb][\/et_pb_heading][\/et_pb_column][\/et_pb_row][et_pb_row column_structure=\u00bb1_2,1_2&#8243; _builder_version=\u00bb4.27.4&#8243; _module_preset=\u00bbdefault\u00bb hover_enabled=\u00bb0&#8243; global_colors_info=\u00bb{}\u00bb sticky_enabled=\u00bb0&#8243;][et_pb_column type=\u00bb1_2&#8243; _builder_version=\u00bb4.27.4&#8243; _module_preset=\u00bbdefault\u00bb global_colors_info=\u00bb{}\u00bb][et_pb_text _builder_version=\u00bb4.27.4&#8243; _module_preset=\u00bbdefault\u00bb text_font=\u00bbAboreto||||||||\u00bb text_font_size=\u00bb12px\u00bb global_colors_info=\u00bb{}\u00bb]<\/p>\n<p><span style=\"color: #ededed;\">En las monta\u00f1as de C\u00f3rdoba, Nari\u00f1o, el tiempo no se mide en relojes. Se mide en neblinas que llegan al amanecer y en caminos de piedra que se abren solo si la monta\u00f1a lo permite. All\u00ed, en veredas como El Encano o Guachav\u00e9s, las casas de madera resisten el fr\u00edo abrazadas por cafetales y arrayanes. Y aunque los ni\u00f1os r\u00eden entre \u00e1rboles y los adultos trabajan la tierra, todos saben que hay un sonido que jam\u00e1s debe seguirse.<\/span><\/p>\n<p>[\/et_pb_text][et_pb_text _builder_version=\u00bb4.27.4&#8243; _module_preset=\u00bbdefault\u00bb text_font=\u00bbAboreto||||||||\u00bb text_font_size=\u00bb12px\u00bb global_colors_info=\u00bb{}\u00bb]<\/p>\n<p data-start=\"3296\" data-end=\"3326\" class=\"\"><span style=\"color: #f9f9f9;\">Un silbo largo. Agudo. Triste.<\/span><\/p>\n<p data-start=\"3328\" data-end=\"3455\" class=\"\"><span style=\"color: #f9f9f9;\">\u201cNadie sabe de d\u00f3nde viene\u201d, dice don Crescencio, un campesino de rostro surcado por los a\u00f1os. \u201cPero s\u00ed sabemos a qui\u00e9n busca\u201d.<\/span><\/p>\n<p>[\/et_pb_text][et_pb_text _builder_version=\u00bb4.27.4&#8243; _module_preset=\u00bbdefault\u00bb text_font=\u00bbAboreto||||||||\u00bb text_font_size=\u00bb12px\u00bb global_colors_info=\u00bb{}\u00bb]<\/p>\n<p><span style=\"color: #fcfcfc;\">Le llaman <strong data-start=\"3467\" data-end=\"3496\">El Hombre del Silbo Largo<\/strong>, y aparece cuando el cielo se oscurece m\u00e1s r\u00e1pido de lo habitual, cuando los perros no ladran y los grillos callan. Algunos lo han visto de espaldas, con un sombrero gastado y una ruana vieja que arrastra el polvo del camino. Camina despacio, como si cargara algo invisible\u2026 algo que pesa m\u00e1s que la vida.<\/span><\/p>\n<p>[\/et_pb_text][et_pb_text _builder_version=\u00bb4.27.4&#8243; _module_preset=\u00bbdefault\u00bb text_font=\u00bbAboreto||||||||\u00bb text_font_size=\u00bb12px\u00bb global_colors_info=\u00bb{}\u00bb]<\/p>\n<p><span style=\"color: #f7f7f7;\">Cuentan que quien lo ve y lo llama por curiosidad, no escucha una respuesta, sino un silbo que penetra hasta los huesos. Un silbo tan largo que el alma se encoge. Tan profundo que parece recordar todos los nombres que uno ha querido olvidar.<\/span><\/p>\n<p>[\/et_pb_text][et_pb_text _builder_version=\u00bb4.27.4&#8243; _module_preset=\u00bbdefault\u00bb text_font=\u00bbAboreto||||||||\u00bb text_font_size=\u00bb12px\u00bb global_colors_info=\u00bb{}\u00bb]<\/p>\n<p><span style=\"color: #f9f9f9;\">\u201cEl que lo sigue, no vuelve igual\u201d, repiten los mayores. \u201cPorque ese silbo no gu\u00eda caminos: abre heridas\u201d.<\/span><\/p>\n<p>[\/et_pb_text][\/et_pb_column][et_pb_column type=\u00bb1_2&#8243; _builder_version=\u00bb4.27.4&#8243; _module_preset=\u00bbdefault\u00bb global_colors_info=\u00bb{}\u00bb][et_pb_text _builder_version=\u00bb4.27.4&#8243; _module_preset=\u00bbdefault\u00bb text_font=\u00bbAboreto||||||||\u00bb text_font_size=\u00bb12px\u00bb global_colors_info=\u00bb{}\u00bb]<\/p>\n<p data-start=\"2288\" data-end=\"2558\" class=\"\"><span style=\"color: #ededed;\">Varios vecinos han intentado ver la aparici\u00f3n. Algunos se sientan frente al espejo durante horas, como esperando que la neblina baje tambi\u00e9n por dentro. Otros aseguran haber sentido un susurro o una r\u00e1faga tibia en la nuca, como si algo o alguien pasara detr\u00e1s de ellos.<\/span><\/p>\n<p data-start=\"2560\" data-end=\"2622\" class=\"\"><span style=\"color: #ededed;\">Pero hay una advertencia que se repite en todas las versiones:<\/span><\/p>\n<p data-start=\"2624\" data-end=\"2705\" class=\"\"><span style=\"color: #ededed;\"><strong data-start=\"2624\" data-end=\"2705\">\u201cSi ella te habla, no interrumpas. No la toques. No preguntes. Solo escucha.\u201d<\/strong><\/span><\/p>\n<p>[\/et_pb_text][et_pb_image src=\u00bbhttps:\/\/narinomistico.revistacitrico.com\/wp-content\/uploads\/2025\/05\/IMG_1870.jpeg\u00bb _builder_version=\u00bb4.27.4&#8243; _module_preset=\u00bbdefault\u00bb hover_enabled=\u00bb0&#8243; sticky_enabled=\u00bb0&#8243; title_text=\u00bbIMG_1870&#8243;][\/et_pb_image][\/et_pb_column][\/et_pb_row][\/et_pb_section][et_pb_section fb_built=\u00bb1&#8243; _builder_version=\u00bb4.27.4&#8243; _module_preset=\u00bbdefault\u00bb background_color=\u00bb#545454&#8243; background_image=\u00bbhttps:\/\/narinomistico.revistacitrico.com\/wp-content\/uploads\/2025\/05\/Dioses-de-la-humanidad.png\u00bb background_blend=\u00bboverlay\u00bb background_enable_video_mp4=\u00bboff\u00bb min_height=\u00bb152px\u00bb custom_margin=\u00bb-38px||-432px|||\u00bb custom_padding=\u00bb44px||256px|||\u00bb animation_style=\u00bbzoom\u00bb animation_duration=\u00bb1450ms\u00bb hover_transition_duration=\u00bb1450ms\u00bb global_colors_info=\u00bb{}\u00bb][\/et_pb_section][et_pb_section fb_built=\u00bb1&#8243; _builder_version=\u00bb4.27.4&#8243; _module_preset=\u00bbdefault\u00bb background_color=\u00bbrgba(0,0,0,0.61)\u00bb background_image=\u00bbhttps:\/\/narinomistico.revistacitrico.com\/wp-content\/uploads\/2025\/05\/IMG_0318.jpeg\u00bb background_blend=\u00bboverlay\u00bb custom_padding=\u00bb37px||17px|||\u00bb global_colors_info=\u00bb{}\u00bb custom_margin=\u00bb41px|||||\u00bb][et_pb_row column_structure=\u00bb1_2,1_2&#8243; _builder_version=\u00bb4.27.4&#8243; _module_preset=\u00bbdefault\u00bb min_height=\u00bb897.8px\u00bb global_colors_info=\u00bb{}\u00bb][et_pb_column type=\u00bb1_2&#8243; _builder_version=\u00bb4.27.4&#8243; _module_preset=\u00bbdefault\u00bb global_colors_info=\u00bb{}\u00bb][et_pb_heading title=\u00bbCosta Nari\u00f1ense \u00bb _builder_version=\u00bb4.27.4&#8243; _module_preset=\u00bbdefault\u00bb title_font=\u00bbPlayfair Display||||||||\u00bb title_text_align=\u00bbcenter\u00bb title_text_color=\u00bb#7CDA24&#8243; title_font_size=\u00bb62px\u00bb title_text_shadow_style=\u00bbpreset3&#8243; title_text_shadow_color=\u00bb#000000&#8243; global_colors_info=\u00bb{}\u00bb][\/et_pb_heading][et_pb_text _builder_version=\u00bb4.27.4&#8243; _module_preset=\u00bbdefault\u00bb text_font=\u00bbAboreto||||||||\u00bb text_font_size=\u00bb12px\u00bb global_colors_info=\u00bb{}\u00bb]<\/p>\n<p><span style=\"color: #f2f2f2;\">En el coraz\u00f3n del Pac\u00edfico nari\u00f1ense, donde el mar abraza la selva y las tormentas parecen hablar en susurros, ocurri\u00f3 un suceso que hasta hoy es contado como un milagro. El 31 de enero de 1906, tras un fuerte terremoto, las aguas del oc\u00e9ano retrocedieron abruptamente frente a las playas de Tumaco, presagiando un tsunami. Aquel d\u00eda, los pobladores corrieron aterrados, buscando refugio y respuestas.<\/span><\/p>\n<p>[\/et_pb_text][et_pb_text _builder_version=\u00bb4.27.4&#8243; _module_preset=\u00bbdefault\u00bb text_font=\u00bbAboreto||||||||\u00bb text_font_size=\u00bb12px\u00bb global_colors_info=\u00bb{}\u00bb]<\/p>\n<p><span style=\"color: #f9f9f9;\">Fue entonces cuando dos sacerdotes agustinos, Fray Gerardo Larrondo y Fray Juli\u00e1n Moreno, guiaron a la multitud hacia la playa con la hostia consagrada en alto. Frente a la inminente destrucci\u00f3n, <strong data-start=\"917\" data-end=\"981\">levantaron la Sagrada Forma y trazaron una cruz sobre el mar<\/strong>. Lo que sucedi\u00f3 despu\u00e9s qued\u00f3 grabado en la memoria colectiva: la ola se detuvo. El mar, que avanzaba con furia, <strong data-start=\"1095\" data-end=\"1173\">se calm\u00f3 como si obedeciera a una fuerza m\u00e1s all\u00e1 de la comprensi\u00f3n humana<\/strong>.<\/span><\/p>\n<p>[\/et_pb_text][et_pb_text _builder_version=\u00bb4.27.4&#8243; _module_preset=\u00bbdefault\u00bb text_font=\u00bbAboreto||||||||\u00bb text_font_size=\u00bb12px\u00bb global_colors_info=\u00bb{}\u00bb]<\/p>\n<p><span style=\"color: #f2f2f2;\">M\u00e1s de cien a\u00f1os despu\u00e9s, esta historia de fe y asombro fue llevada al arte popular por el artesano Edwin Fernando Ramos. En el Carnaval de Negros y Blancos de Pasto 2024, present\u00f3 la carroza <strong data-start=\"1368\" data-end=\"1395\">\u201cContra Viento y Marea\u201d<\/strong>, una obra cargada de simbolismo, que no solo recuper\u00f3 el recuerdo del milagro, sino que lo resignific\u00f3 desde el arte como una met\u00e1fora de resistencia, espiritualidad y redenci\u00f3n del Pac\u00edfico nari\u00f1ense.<\/span><\/p>\n<p>[\/et_pb_text][et_pb_text _builder_version=\u00bb4.27.4&#8243; _module_preset=\u00bbdefault\u00bb text_font=\u00bbAboreto||||||||\u00bb text_font_size=\u00bb12px\u00bb global_colors_info=\u00bb{}\u00bb]<\/p>\n<p><span style=\"color: #f2f2f2;\">La carroza no fue una reproducci\u00f3n religiosa literal, sino una interpretaci\u00f3n aleg\u00f3rica. La figura central no fue un santo ni una iglesia, sino <strong data-start=\"1743\" data-end=\"1762\">la muerte misma<\/strong>, entendida no como un final, sino como transformaci\u00f3n. \u201cLa carroza no hablaba solo de la ola del mar\u2026 hablaba de las muchas olas que han querido arrasar con nuestro pueblo: la violencia, el abandono, la guerra\u201d, explica Ramos.<\/span><\/p>\n<p>[\/et_pb_text][\/et_pb_column][et_pb_column type=\u00bb1_2&#8243; _builder_version=\u00bb4.27.4&#8243; _module_preset=\u00bbdefault\u00bb global_colors_info=\u00bb{}\u00bb][et_pb_text _builder_version=\u00bb4.27.4&#8243; _module_preset=\u00bbdefault\u00bb text_font=\u00bbAboreto||||||||\u00bb text_font_size=\u00bb12px\u00bb global_colors_info=\u00bb{}\u00bb]<\/p>\n<p><span style=\"color: #f9f9f9;\">\u201c<strong data-start=\"1992\" data-end=\"2026\">Son las aguas tocadas por Dios<\/strong>\u201d, dir\u00eda \u00e9l m\u00e1s tarde, al recordar c\u00f3mo su obra logr\u00f3 emocionar al p\u00fablico, abrir conversaciones y visibilizar una historia casi olvidada fuera de Tumaco. El impacto fue tal que la carroza fue invitada a desfilar en el Carnaval de Barranquilla y en otros escenarios nacionales.<\/span><\/p>\n<p>[\/et_pb_text][et_pb_text _builder_version=\u00bb4.27.4&#8243; _module_preset=\u00bbdefault\u00bb text_font=\u00bbAboreto||||||||\u00bb text_font_size=\u00bb12px\u00bb global_colors_info=\u00bb{}\u00bb]<\/p>\n<p><span style=\"color: #f7f7f7;\">Esta creaci\u00f3n art\u00edstica se convirti\u00f3 en algo m\u00e1s que una propuesta cultural: fue una manifestaci\u00f3n de memoria viva, de fe colectiva y de conexi\u00f3n espiritual con el territorio. Porque en Nari\u00f1o, lo sagrado no siempre habita los templos. A veces se mueve entre colores, danzas, madera tallada y papel moldeado\u2026 y camina, contra viento y marea, sobre las calles del carnaval.<\/span><\/p>\n<p>[\/et_pb_text][et_pb_image src=\u00bbhttps:\/\/narinomistico.revistacitrico.com\/wp-content\/uploads\/2025\/05\/IMG_0321.jpeg\u00bb title_text=\u00bbIMG_0321&#8243; _builder_version=\u00bb4.27.4&#8243; _module_preset=\u00bbdefault\u00bb global_colors_info=\u00bb{}\u00bb][\/et_pb_image][et_pb_button button_text=\u00bbLee la cr\u00f3nica completa&#8230;\u00bb _builder_version=\u00bb4.27.4&#8243; _module_preset=\u00bbdefault\u00bb hover_enabled=\u00bb0&#8243; sticky_enabled=\u00bb0&#8243; button_url=\u00bbhttps:\/\/docs.google.com\/document\/d\/1DmV6fqK9d8rPXIbrov1IH7XJ5c7ckb15\/edit?usp=sharing&#038;ouid=109756718694651843335&#038;rtpof=true&#038;sd=true\u00bb custom_button=\u00bbon\u00bb button_text_color=\u00bb#7CDA24&#8243; button_font=\u00bbAbril Fatface||on||||||\u00bb][\/et_pb_button][\/et_pb_column][\/et_pb_row][\/et_pb_section][et_pb_section fb_built=\u00bb1&#8243; _builder_version=\u00bb4.27.4&#8243; _module_preset=\u00bbdefault\u00bb global_colors_info=\u00bb{}\u00bb][et_pb_row _builder_version=\u00bb4.27.4&#8243; _module_preset=\u00bbdefault\u00bb background_color=\u00bb#000000&#8243; global_colors_info=\u00bb{}\u00bb][et_pb_column type=\u00bb4_4&#8243; _builder_version=\u00bb4.27.4&#8243; _module_preset=\u00bbdefault\u00bb global_colors_info=\u00bb{}\u00bb][et_pb_audio title=\u00bbNARI\u00d1O M\u00cdSTICO\u00bb artist_name=\u00bbMar\u00eda Figueroa-Sahara Murillo- David Vallejo \u00bb _builder_version=\u00bb4.27.4&#8243; _module_preset=\u00bbdefault\u00bb background_enable_color=\u00bboff\u00bb background_image=\u00bbhttps:\/\/narinomistico.revistacitrico.com\/wp-content\/uploads\/2025\/05\/IMG_1875.jpeg\u00bb global_colors_info=\u00bb{}\u00bb][\/et_pb_audio][\/et_pb_column][\/et_pb_row][\/et_pb_section]<\/p>\n","protected":false},"excerpt":{"rendered":"<p>En algunas calles de Pasto, el silencio no est\u00e1 solo. Hay presencias que se esconden entre sombras\u2026 y nombres que a\u00fan no deben pronunciarse.Entre monta\u00f1as y cafetales, los abuelos a\u00fan advierten: no todo lo que brilla en el bosque es luz. Y no todo lo que llama\u2026 es humano.En la costa, hay cantos que no son de este mundo. Secretos esconde el mar, voces se oyen desde la lejania&#8230; pero nunca lo desafies, si quieres volver.Hay territorios donde la realidad se desborda y la memoria no solo se guarda en libros o fotograf\u00edas, sino que se esculpe en carrozas, se canta en procesiones y se invoca al borde del mar. En Nari\u00f1o, la frontera entre lo terrenal y lo milagroso es tan delgada como el hilo de espuma que el oc\u00e9ano deja sobre la arena.En las noches despejadas, cuando la luna se posa como un farol sobre los techos de teja en Pasto, hay quienes aseguran que la cima del volc\u00e1n Morasurco deja ver m\u00e1s que paisajes. En el barrio El Pilar, una anciana de manos temblorosas todav\u00eda limpia cada ma\u00f1ana un espejo de marco dorado que hered\u00f3 de su madre. Dice que no lo usa para mirarse, sino para [&hellip;]<\/p>\n","protected":false},"author":1,"featured_media":0,"parent":0,"menu_order":0,"comment_status":"closed","ping_status":"closed","template":"","meta":{"_et_pb_use_builder":"on","_et_pb_old_content":"","_et_gb_content_width":"","footnotes":""},"class_list":["post-42","page","type-page","status-publish","hentry"],"_links":{"self":[{"href":"https:\/\/narinomistico.revistacitrico.com\/index.php\/wp-json\/wp\/v2\/pages\/42","targetHints":{"allow":["GET"]}}],"collection":[{"href":"https:\/\/narinomistico.revistacitrico.com\/index.php\/wp-json\/wp\/v2\/pages"}],"about":[{"href":"https:\/\/narinomistico.revistacitrico.com\/index.php\/wp-json\/wp\/v2\/types\/page"}],"author":[{"embeddable":true,"href":"https:\/\/narinomistico.revistacitrico.com\/index.php\/wp-json\/wp\/v2\/users\/1"}],"replies":[{"embeddable":true,"href":"https:\/\/narinomistico.revistacitrico.com\/index.php\/wp-json\/wp\/v2\/comments?post=42"}],"version-history":[{"count":27,"href":"https:\/\/narinomistico.revistacitrico.com\/index.php\/wp-json\/wp\/v2\/pages\/42\/revisions"}],"predecessor-version":[{"id":141,"href":"https:\/\/narinomistico.revistacitrico.com\/index.php\/wp-json\/wp\/v2\/pages\/42\/revisions\/141"}],"wp:attachment":[{"href":"https:\/\/narinomistico.revistacitrico.com\/index.php\/wp-json\/wp\/v2\/media?parent=42"}],"curies":[{"name":"wp","href":"https:\/\/api.w.org\/{rel}","templated":true}]}}